{"id":4176,"date":"2024-10-09T17:02:02","date_gmt":"2024-10-09T14:02:02","guid":{"rendered":"https:\/\/dev.my.bizplay.ee\/?page_id=4176"},"modified":"2024-11-27T17:44:59","modified_gmt":"2024-11-27T15:44:59","slug":"loo-mang","status":"publish","type":"page","link":"https:\/\/dev.my.bizplay.ee\/et\/loo-mang\/","title":{"rendered":"Loo mang"},"content":{"rendered":"<div class='breakdance'><section class=\"bde-section-4176-100 bde-section\">\n  \n  \n\t\n\n\n\n<div class=\"section-container\"><h2 class=\"bde-heading-4176-102 bde-heading\">\nMillist m\u00e4ngu soovid luua?\n<\/h2><div class=\"bde-post-loop-4176-101 bde-post-loop breakdance-free-version-frontend-element-hider\">\n<div class=\"bde-loop bde-loop-grid ee-posts ee-posts-grid\">    <article class=\"bde-loop-item ee-post\">\n    <div class='breakdance'><div class=\"bde-div-3955-100-4049-3955-1 bde-div bde-div-3955-100\">\n  \n  \n\t\n\n\n\n<div class=\"bde-image-3955-108-4049-3955-1 bde-image bde-image-3955-108\">\n<figure class=\"breakdance-image breakdance-image--6344\">\n\t<div class=\"breakdance-image-container\">\n\t\t<div class=\"breakdance-image-clip\"><img loading=\"lazy\" decoding=\"async\" class=\"breakdance-image-object\" src=\"https:\/\/dev.my.bizplay.ee\/wp-content\/uploads\/2022\/11\/ettevotlik_pere.png\" width=\"1920\" height=\"1080\" srcset=\"https:\/\/dev.my.bizplay.ee\/wp-content\/uploads\/2022\/11\/ettevotlik_pere.png 1920w, https:\/\/dev.my.bizplay.ee\/wp-content\/uploads\/2022\/11\/ettevotlik_pere-300x169.png 300w, https:\/\/dev.my.bizplay.ee\/wp-content\/uploads\/2022\/11\/ettevotlik_pere-1024x576.png 1024w, https:\/\/dev.my.bizplay.ee\/wp-content\/uploads\/2022\/11\/ettevotlik_pere-768x432.png 768w, https:\/\/dev.my.bizplay.ee\/wp-content\/uploads\/2022\/11\/ettevotlik_pere-1536x864.png 1536w, https:\/\/dev.my.bizplay.ee\/wp-content\/uploads\/2022\/11\/ettevotlik_pere-600x338.png 600w\" sizes=\"(max-width: 1920px) 100vw, 1920px\"><\/div>\n\t<\/div><\/figure>\n\n<\/div><h3 class=\"bde-heading-3955-101-4049-3955-1 bde-heading bde-heading-3955-101\">\nEttev\u00f5tlik Pere raskusaste II\n<\/h3><div class=\"bde-text-3955-103-4049-3955-1 bde-text bde-text-3955-103\">\n<p>Pere finantsid, ettev\u00f5tluse p\u00f5hialused.<\/p>\n\n<\/div>\n<\/div><\/div>    <\/article>\n        <article class=\"bde-loop-item ee-post\">\n    <div class='breakdance'><div class=\"bde-div-3955-100-2146-3955-1 bde-div bde-div-3955-100\">\n  \n  \n\t\n\n\n\n<div class=\"bde-image-3955-108-2146-3955-1 bde-image bde-image-3955-108\">\n<figure class=\"breakdance-image breakdance-image--6344\">\n\t<div class=\"breakdance-image-container\">\n\t\t<div class=\"breakdance-image-clip\"><img loading=\"lazy\" decoding=\"async\" class=\"breakdance-image-object\" src=\"https:\/\/dev.my.bizplay.ee\/wp-content\/uploads\/2022\/11\/ettevotlik_pere.png\" width=\"1920\" height=\"1080\" srcset=\"https:\/\/dev.my.bizplay.ee\/wp-content\/uploads\/2022\/11\/ettevotlik_pere.png 1920w, https:\/\/dev.my.bizplay.ee\/wp-content\/uploads\/2022\/11\/ettevotlik_pere-300x169.png 300w, https:\/\/dev.my.bizplay.ee\/wp-content\/uploads\/2022\/11\/ettevotlik_pere-1024x576.png 1024w, https:\/\/dev.my.bizplay.ee\/wp-content\/uploads\/2022\/11\/ettevotlik_pere-768x432.png 768w, https:\/\/dev.my.bizplay.ee\/wp-content\/uploads\/2022\/11\/ettevotlik_pere-1536x864.png 1536w, https:\/\/dev.my.bizplay.ee\/wp-content\/uploads\/2022\/11\/ettevotlik_pere-600x338.png 600w\" sizes=\"(max-width: 1920px) 100vw, 1920px\"><\/div>\n\t<\/div><\/figure>\n\n<\/div><h3 class=\"bde-heading-3955-101-2146-3955-1 bde-heading bde-heading-3955-101\">\nEttev\u00f5tlik pere\n<\/h3><div class=\"bde-text-3955-103-2146-3955-1 bde-text bde-text-3955-103\">\n<p>Pere finantsid, ettev\u00f5tluse p\u00f5hialused.<\/p>\n\n<\/div>\n<\/div><\/div>    <\/article>\n        <article class=\"bde-loop-item ee-post\">\n    <div class='breakdance'><div class=\"bde-div-3955-100-2145-3955-1 bde-div bde-div-3955-100\">\n  \n  \n\t\n\n\n\n<div class=\"bde-image-3955-108-2145-3955-1 bde-image bde-image-3955-108\">\n<figure class=\"breakdance-image breakdance-image--6342\">\n\t<div class=\"breakdance-image-container\">\n\t\t<div class=\"breakdance-image-clip\"><img loading=\"lazy\" decoding=\"async\" class=\"breakdance-image-object\" src=\"https:\/\/dev.my.bizplay.ee\/wp-content\/uploads\/2022\/11\/ettevotlik_kodanik.png\" width=\"1920\" height=\"1080\" srcset=\"https:\/\/dev.my.bizplay.ee\/wp-content\/uploads\/2022\/11\/ettevotlik_kodanik.png 1920w, https:\/\/dev.my.bizplay.ee\/wp-content\/uploads\/2022\/11\/ettevotlik_kodanik-300x169.png 300w, https:\/\/dev.my.bizplay.ee\/wp-content\/uploads\/2022\/11\/ettevotlik_kodanik-1024x576.png 1024w, https:\/\/dev.my.bizplay.ee\/wp-content\/uploads\/2022\/11\/ettevotlik_kodanik-768x432.png 768w, https:\/\/dev.my.bizplay.ee\/wp-content\/uploads\/2022\/11\/ettevotlik_kodanik-1536x864.png 1536w, https:\/\/dev.my.bizplay.ee\/wp-content\/uploads\/2022\/11\/ettevotlik_kodanik-600x338.png 600w\" sizes=\"(max-width: 1920px) 100vw, 1920px\"><\/div>\n\t<\/div><\/figure>\n\n<\/div><h3 class=\"bde-heading-3955-101-2145-3955-1 bde-heading bde-heading-3955-101\">\nEttev\u00f5tlik kodanik\n<\/h3><div class=\"bde-text-3955-103-2145-3955-1 bde-text bde-text-3955-103\">\n<p>Ettev\u00f5tluse alused, maksud ja majandus.<\/p>\n\n<\/div>\n<\/div><\/div>    <\/article>\n        <article class=\"bde-loop-item ee-post\">\n    <div class='breakdance'><div class=\"bde-div-3955-100-2141-3955-1 bde-div bde-div-3955-100\">\n  \n  \n\t\n\n\n\n<div class=\"bde-image-3955-108-2141-3955-1 bde-image bde-image-3955-108\">\n<figure class=\"breakdance-image breakdance-image--12867\">\n\t<div class=\"breakdance-image-container\">\n\t\t<div class=\"breakdance-image-clip\"><img loading=\"lazy\" decoding=\"async\" class=\"breakdance-image-object\" src=\"https:\/\/dev.my.bizplay.ee\/wp-content\/uploads\/2022\/05\/thumbnail-arilahing.png\" width=\"1920\" height=\"1080\" srcset=\"https:\/\/dev.my.bizplay.ee\/wp-content\/uploads\/2022\/05\/thumbnail-arilahing.png 1920w, https:\/\/dev.my.bizplay.ee\/wp-content\/uploads\/2022\/05\/thumbnail-arilahing-300x169.png 300w, https:\/\/dev.my.bizplay.ee\/wp-content\/uploads\/2022\/05\/thumbnail-arilahing-1024x576.png 1024w, https:\/\/dev.my.bizplay.ee\/wp-content\/uploads\/2022\/05\/thumbnail-arilahing-768x432.png 768w, https:\/\/dev.my.bizplay.ee\/wp-content\/uploads\/2022\/05\/thumbnail-arilahing-1536x864.png 1536w, https:\/\/dev.my.bizplay.ee\/wp-content\/uploads\/2022\/05\/thumbnail-arilahing-600x338.png 600w\" sizes=\"(max-width: 1920px) 100vw, 1920px\"><\/div>\n\t<\/div><\/figure>\n\n<\/div><h3 class=\"bde-heading-3955-101-2141-3955-1 bde-heading bde-heading-3955-101\">\n\u00c4rilahing\n<\/h3><div class=\"bde-text-3955-103-2141-3955-1 bde-text bde-text-3955-103\">\n<p>Meeskondade vaheline ettev\u00f5tluslahing<\/p>\n\n<\/div>\n<\/div><\/div>    <\/article>\n    <\/div>\n\n<\/div><\/div>\n<\/section><\/div>","protected":false},"excerpt":{"rendered":"<p>Millist m\u00e4ngu soovid luua? Ettev\u00f5tlik Pere raskusaste II Pere finantsid, ettev\u00f5tluse p\u00f5hialused. Ettev\u00f5tlik pere Pere finantsid, ettev\u00f5tluse p\u00f5hialused. Ettev\u00f5tlik kodanik &hellip; <\/p>\n","protected":false},"author":363,"featured_media":0,"parent":0,"menu_order":0,"comment_status":"closed","ping_status":"closed","template":"","meta":{"_breakdance_hide_in_design_set":false,"_breakdance_tags":"","footnotes":""},"class_list":["post-4176","page","type-page","status-publish","hentry"],"acf":[],"_links":{"self":[{"href":"https:\/\/dev.my.bizplay.ee\/et\/wp-json\/wp\/v2\/pages\/4176"}],"collection":[{"href":"https:\/\/dev.my.bizplay.ee\/et\/wp-json\/wp\/v2\/pages"}],"about":[{"href":"https:\/\/dev.my.bizplay.ee\/et\/wp-json\/wp\/v2\/types\/page"}],"author":[{"embeddable":true,"href":"https:\/\/dev.my.bizplay.ee\/et\/wp-json\/wp\/v2\/users\/363"}],"replies":[{"embeddable":true,"href":"https:\/\/dev.my.bizplay.ee\/et\/wp-json\/wp\/v2\/comments?post=4176"}],"version-history":[{"count":5,"href":"https:\/\/dev.my.bizplay.ee\/et\/wp-json\/wp\/v2\/pages\/4176\/revisions"}],"predecessor-version":[{"id":4605,"href":"https:\/\/dev.my.bizplay.ee\/et\/wp-json\/wp\/v2\/pages\/4176\/revisions\/4605"}],"wp:attachment":[{"href":"https:\/\/dev.my.bizplay.ee\/et\/wp-json\/wp\/v2\/media?parent=4176"}],"curies":[{"name":"wp","href":"https:\/\/api.w.org\/{rel}","templated":true}]}}