{"id":947,"date":"2020-12-06T12:56:36","date_gmt":"2020-12-06T10:56:36","guid":{"rendered":"https:\/\/dev.my.bizplay.ee\/pood\/"},"modified":"2025-03-19T13:44:57","modified_gmt":"2025-03-19T11:44:57","slug":"pood","status":"publish","type":"page","link":"https:\/\/dev.my.bizplay.ee\/et\/pood\/","title":{"rendered":"Pood"},"content":{"rendered":"<div class='breakdance'><section class=\"bde-section-947-102 bde-section\">\n  \n  \n\t\n\n\n\n<div class=\"section-container\"><div class=\"bde-div-947-114 bde-div\">\n  \n  \n\t\n\n\n\n<div class=\"bde-icon-947-115 bde-icon\">\n\n    \n            <div class=\"bde-icon-icon breakdance-icon-atom\" >\n    \n                    <svg xmlns=\"http:\/\/www.w3.org\/2000\/svg\" viewBox=\"0 0 640 512\"><!--! Font Awesome Free 6.5.1 by @fontawesome - https:\/\/fontawesome.com License - https:\/\/fontawesome.com\/license\/free (Icons: CC BY 4.0, Fonts: SIL OFL 1.1, Code: MIT License) Copyright 2023 Fonticons, Inc. --><path d=\"M58.9 42.1c3-6.1 9.6-9.6 16.3-8.7L320 64 564.8 33.4c6.7-.8 13.3 2.7 16.3 8.7l41.7 83.4c9 17.9-.6 39.6-19.8 45.1L439.6 217.3c-13.9 4-28.8-1.9-36.2-14.3L320 64 236.6 203c-7.4 12.4-22.3 18.3-36.2 14.3L37.1 170.6c-19.3-5.5-28.8-27.2-19.8-45.1L58.9 42.1zM321.1 128l54.9 91.4c14.9 24.8 44.6 36.6 72.5 28.6L576 211.6v167c0 22-15 41.2-36.4 46.6l-204.1 51c-10.2 2.6-20.9 2.6-31 0l-204.1-51C79 419.7 64 400.5 64 378.5v-167L191.6 248c27.8 8 57.6-3.8 72.5-28.6L318.9 128h2.2z\"\/><\/svg>\n        \n                    <svg width=\"0\" height=\"0\" class='breakdance-icon-atom-svg-gradient'>\n                <defs>\n                          <linearGradient x1=\"0.5\" y1=\"1\" x2=\"0.5\" y2=\"0\" id=\"grad-115\"><stop stop-opacity=\"1\" stop-color=\"#000000\" offset=\"0\"><\/stop><stop stop-opacity=\"1\" stop-color=\"#ff0000\" offset=\"1\"><\/stop><\/linearGradient>\n  \n                <\/defs>\n            <\/svg>\n        \n        \n            <\/div>\n    \n\n\n<\/div><h2 class=\"bde-heading-947-116 bde-heading\">\nM\u00e4ngukomplektid:\n<\/h2>\n<\/div><div class=\"bde-text-947-109 bde-text\">\nM\u00e4ngukomplektid sisaldavad rollim\u00e4ngu korraldamiseks vajalikke f\u00fc\u00fcsilisi vahendeid. \n<\/div><div class=\"bde-wooproductslist-947-104 bde-wooproductslist bde-preset-97f8e4ff-aa08-479a-904d-d14954afd09a breakdance-woocommerce breakdance-free-version-frontend-element-hider\">\n<div class=\"woocommerce\"><ul class=\"products\">\n<li class=\"product type-product post-847 status-publish first instock product_cat-komplektid has-post-thumbnail taxable shipping-taxable purchasable product-type-simple\" >\n\t<a href=\"https:\/\/dev.my.bizplay.ee\/et\/toode\/ettevotlik-kodanik-mangukomplekt\/\" class=\"woocommerce-LoopProduct-link woocommerce-loop-product__link\"><div class=\"bde-woo-product-image\"><img loading=\"lazy\" decoding=\"async\" width=\"300\" height=\"300\" src=\"https:\/\/dev.my.bizplay.ee\/wp-content\/uploads\/2020\/12\/Entrepreneurial-citizen-cutout-300x300.png\" class=\"attachment-woocommerce_thumbnail size-woocommerce_thumbnail\" alt=\"\" srcset=\"https:\/\/dev.my.bizplay.ee\/wp-content\/uploads\/2020\/12\/Entrepreneurial-citizen-cutout-300x300.png 300w, https:\/\/dev.my.bizplay.ee\/wp-content\/uploads\/2020\/12\/Entrepreneurial-citizen-cutout-150x150.png 150w, https:\/\/dev.my.bizplay.ee\/wp-content\/uploads\/2020\/12\/Entrepreneurial-citizen-cutout-100x100.png 100w\" sizes=\"(max-width: 300px) 100vw, 300px\" \/><\/div><h2 class=\"woocommerce-loop-product__title\">Ettev\u00f5tlik kodanik m\u00e4ngukomplekt<\/h2>\n\t<span class=\"price\"><span class=\"woocommerce-Price-amount amount\"><bdi>299.00<span class=\"woocommerce-Price-currencySymbol\">&euro;<\/span><\/bdi><\/span><\/span>\n<\/a><div class=\"bde-woo-product-footer\"><a href=\"?add-to-cart=847\" aria-describedby=\"woocommerce_loop_add_to_cart_link_describedby_847\" data-quantity=\"1\" class=\"button product_type_simple add_to_cart_button ajax_add_to_cart\" data-product_id=\"847\" data-product_sku=\"\" aria-label=\"Add to cart: &ldquo;Ettev\u00f5tlik kodanik m\u00e4ngukomplekt&rdquo;\" rel=\"nofollow\" data-success_message=\"&ldquo;Ettev\u00f5tlik kodanik m\u00e4ngukomplekt&rdquo; has been added to your cart\">Lisa korvi<\/a>\t<span id=\"woocommerce_loop_add_to_cart_link_describedby_847\" class=\"screen-reader-text\">\n\t\t\t<\/span>\n<\/div><span class=\"gtm4wp_productdata\" style=\"display:none; visibility:hidden;\" data-gtm4wp_product_data=\"{&quot;internal_id&quot;:847,&quot;item_id&quot;:847,&quot;item_name&quot;:&quot;Ettev\\u00f5tlik kodanik m\\u00e4ngukomplekt&quot;,&quot;sku&quot;:847,&quot;price&quot;:299,&quot;stocklevel&quot;:null,&quot;stockstatus&quot;:&quot;instock&quot;,&quot;google_business_vertical&quot;:&quot;retail&quot;,&quot;item_category&quot;:&quot;Komplektid&quot;,&quot;id&quot;:847,&quot;item_brand&quot;:&quot;Komplektid&quot;,&quot;productlink&quot;:&quot;https:\\\/\\\/dev.my.bizplay.ee\\\/et\\\/toode\\\/ettevotlik-kodanik-mangukomplekt\\\/&quot;,&quot;item_list_name&quot;:&quot;General Product List&quot;,&quot;index&quot;:1,&quot;product_type&quot;:&quot;simple&quot;}\"><\/span><\/li>\n<li class=\"product type-product post-849 status-publish instock product_cat-komplektid has-post-thumbnail taxable shipping-taxable purchasable product-type-simple\" >\n\t<a href=\"https:\/\/dev.my.bizplay.ee\/et\/toode\/ettevotlik-pere-mangukomplekt\/\" class=\"woocommerce-LoopProduct-link woocommerce-loop-product__link\"><div class=\"bde-woo-product-image\"><img loading=\"lazy\" decoding=\"async\" width=\"300\" height=\"300\" src=\"https:\/\/dev.my.bizplay.ee\/wp-content\/uploads\/2020\/12\/Entrepreneurial-family-WEB-300x300.png\" class=\"attachment-woocommerce_thumbnail size-woocommerce_thumbnail\" alt=\"\" srcset=\"https:\/\/dev.my.bizplay.ee\/wp-content\/uploads\/2020\/12\/Entrepreneurial-family-WEB-300x300.png 300w, https:\/\/dev.my.bizplay.ee\/wp-content\/uploads\/2020\/12\/Entrepreneurial-family-WEB-150x150.png 150w, https:\/\/dev.my.bizplay.ee\/wp-content\/uploads\/2020\/12\/Entrepreneurial-family-WEB-100x100.png 100w\" sizes=\"(max-width: 300px) 100vw, 300px\" \/><\/div><h2 class=\"woocommerce-loop-product__title\">Ettev\u00f5tlik pere m\u00e4ngukomplekt<\/h2>\n\t<span class=\"price\"><span class=\"woocommerce-Price-amount amount\"><bdi>299.00<span class=\"woocommerce-Price-currencySymbol\">&euro;<\/span><\/bdi><\/span><\/span>\n<\/a><div class=\"bde-woo-product-footer\"><a href=\"?add-to-cart=849\" aria-describedby=\"woocommerce_loop_add_to_cart_link_describedby_849\" data-quantity=\"1\" class=\"button product_type_simple add_to_cart_button ajax_add_to_cart\" data-product_id=\"849\" data-product_sku=\"\" aria-label=\"Add to cart: &ldquo;Ettev\u00f5tlik pere m\u00e4ngukomplekt&rdquo;\" rel=\"nofollow\" data-success_message=\"&ldquo;Ettev\u00f5tlik pere m\u00e4ngukomplekt&rdquo; has been added to your cart\">Lisa korvi<\/a>\t<span id=\"woocommerce_loop_add_to_cart_link_describedby_849\" class=\"screen-reader-text\">\n\t\t\t<\/span>\n<\/div><span class=\"gtm4wp_productdata\" style=\"display:none; visibility:hidden;\" data-gtm4wp_product_data=\"{&quot;internal_id&quot;:849,&quot;item_id&quot;:849,&quot;item_name&quot;:&quot;Ettev\\u00f5tlik pere m\\u00e4ngukomplekt&quot;,&quot;sku&quot;:849,&quot;price&quot;:299,&quot;stocklevel&quot;:null,&quot;stockstatus&quot;:&quot;instock&quot;,&quot;google_business_vertical&quot;:&quot;retail&quot;,&quot;item_category&quot;:&quot;Komplektid&quot;,&quot;id&quot;:849,&quot;item_brand&quot;:&quot;Komplektid&quot;,&quot;productlink&quot;:&quot;https:\\\/\\\/dev.my.bizplay.ee\\\/et\\\/toode\\\/ettevotlik-pere-mangukomplekt\\\/&quot;,&quot;item_list_name&quot;:&quot;General Product List&quot;,&quot;index&quot;:2,&quot;product_type&quot;:&quot;simple&quot;}\"><\/span><\/li>\n<li class=\"product type-product post-851 status-publish instock product_cat-komplektid has-post-thumbnail taxable shipping-taxable purchasable product-type-simple\" >\n\t<a href=\"https:\/\/dev.my.bizplay.ee\/et\/toode\/minu-raha-mangukomplekt\/\" class=\"woocommerce-LoopProduct-link woocommerce-loop-product__link\"><div class=\"bde-woo-product-image\"><img loading=\"lazy\" decoding=\"async\" width=\"300\" height=\"300\" src=\"https:\/\/dev.my.bizplay.ee\/wp-content\/uploads\/2020\/12\/minu-raha-sisu-ok-WEB2-cutout-300x300.png\" class=\"attachment-woocommerce_thumbnail size-woocommerce_thumbnail\" alt=\"\" srcset=\"https:\/\/dev.my.bizplay.ee\/wp-content\/uploads\/2020\/12\/minu-raha-sisu-ok-WEB2-cutout-300x300.png 300w, https:\/\/dev.my.bizplay.ee\/wp-content\/uploads\/2020\/12\/minu-raha-sisu-ok-WEB2-cutout-150x150.png 150w, https:\/\/dev.my.bizplay.ee\/wp-content\/uploads\/2020\/12\/minu-raha-sisu-ok-WEB2-cutout-100x100.png 100w\" sizes=\"(max-width: 300px) 100vw, 300px\" \/><\/div><h2 class=\"woocommerce-loop-product__title\">Minu Raha m\u00e4ngukomplekt<\/h2>\n\t<span class=\"price\"><span class=\"woocommerce-Price-amount amount\"><bdi>299.00<span class=\"woocommerce-Price-currencySymbol\">&euro;<\/span><\/bdi><\/span><\/span>\n<\/a><div class=\"bde-woo-product-footer\"><a href=\"?add-to-cart=851\" aria-describedby=\"woocommerce_loop_add_to_cart_link_describedby_851\" data-quantity=\"1\" class=\"button product_type_simple add_to_cart_button ajax_add_to_cart\" data-product_id=\"851\" data-product_sku=\"\" aria-label=\"Add to cart: &ldquo;Minu Raha m\u00e4ngukomplekt&rdquo;\" rel=\"nofollow\" data-success_message=\"&ldquo;Minu Raha m\u00e4ngukomplekt&rdquo; has been added to your cart\">Lisa korvi<\/a>\t<span id=\"woocommerce_loop_add_to_cart_link_describedby_851\" class=\"screen-reader-text\">\n\t\t\t<\/span>\n<\/div><span class=\"gtm4wp_productdata\" style=\"display:none; visibility:hidden;\" data-gtm4wp_product_data=\"{&quot;internal_id&quot;:851,&quot;item_id&quot;:851,&quot;item_name&quot;:&quot;Minu Raha m\\u00e4ngukomplekt&quot;,&quot;sku&quot;:851,&quot;price&quot;:299,&quot;stocklevel&quot;:null,&quot;stockstatus&quot;:&quot;instock&quot;,&quot;google_business_vertical&quot;:&quot;retail&quot;,&quot;item_category&quot;:&quot;Komplektid&quot;,&quot;id&quot;:851,&quot;item_brand&quot;:&quot;Komplektid&quot;,&quot;productlink&quot;:&quot;https:\\\/\\\/dev.my.bizplay.ee\\\/et\\\/toode\\\/minu-raha-mangukomplekt\\\/&quot;,&quot;item_list_name&quot;:&quot;General Product List&quot;,&quot;index&quot;:3,&quot;product_type&quot;:&quot;simple&quot;}\"><\/span><\/li>\n<\/ul>\n<\/div>\n\n<\/div><\/div>\n<\/section><section class=\"bde-section-947-105 bde-section\">\n  \n  \n\t\n\n\n\n<div class=\"section-container\"><div class=\"bde-div-947-111 bde-div\">\n  \n  \n\t\n\n\n\n<div class=\"bde-icon-947-112 bde-icon\">\n\n    \n            <div class=\"bde-icon-icon breakdance-icon-atom\" >\n    \n                    <svg xmlns=\"http:\/\/www.w3.org\/2000\/svg\" viewBox=\"0 0 512 512\"><!--! Font Awesome Free 6.5.1 by @fontawesome - https:\/\/fontawesome.com License - https:\/\/fontawesome.com\/license\/free (Icons: CC BY 4.0, Fonts: SIL OFL 1.1, Code: MIT License) Copyright 2023 Fonticons, Inc. --><path d=\"M512 80c0 18-14.3 34.6-38.4 48c-29.1 16.1-72.5 27.5-122.3 30.9c-3.7-1.8-7.4-3.5-11.3-5C300.6 137.4 248.2 128 192 128c-8.3 0-16.4 .2-24.5 .6l-1.1-.6C142.3 114.6 128 98 128 80c0-44.2 86-80 192-80S512 35.8 512 80zM160.7 161.1c10.2-.7 20.7-1.1 31.3-1.1c62.2 0 117.4 12.3 152.5 31.4C369.3 204.9 384 221.7 384 240c0 4-.7 7.9-2.1 11.7c-4.6 13.2-17 25.3-35 35.5c0 0 0 0 0 0c-.1 .1-.3 .1-.4 .2l0 0 0 0c-.3 .2-.6 .3-.9 .5c-35 19.4-90.8 32-153.6 32c-59.6 0-112.9-11.3-148.2-29.1c-1.9-.9-3.7-1.9-5.5-2.9C14.3 274.6 0 258 0 240c0-34.8 53.4-64.5 128-75.4c10.5-1.5 21.4-2.7 32.7-3.5zM416 240c0-21.9-10.6-39.9-24.1-53.4c28.3-4.4 54.2-11.4 76.2-20.5c16.3-6.8 31.5-15.2 43.9-25.5V176c0 19.3-16.5 37.1-43.8 50.9c-14.6 7.4-32.4 13.7-52.4 18.5c.1-1.8 .2-3.5 .2-5.3zm-32 96c0 18-14.3 34.6-38.4 48c-1.8 1-3.6 1.9-5.5 2.9C304.9 404.7 251.6 416 192 416c-62.8 0-118.6-12.6-153.6-32C14.3 370.6 0 354 0 336V300.6c12.5 10.3 27.6 18.7 43.9 25.5C83.4 342.6 135.8 352 192 352s108.6-9.4 148.1-25.9c7.8-3.2 15.3-6.9 22.4-10.9c6.1-3.4 11.8-7.2 17.2-11.2c1.5-1.1 2.9-2.3 4.3-3.4V304v5.7V336zm32 0V304 278.1c19-4.2 36.5-9.5 52.1-16c16.3-6.8 31.5-15.2 43.9-25.5V272c0 10.5-5 21-14.9 30.9c-16.3 16.3-45 29.7-81.3 38.4c.1-1.7 .2-3.5 .2-5.3zM192 448c56.2 0 108.6-9.4 148.1-25.9c16.3-6.8 31.5-15.2 43.9-25.5V432c0 44.2-86 80-192 80S0 476.2 0 432V396.6c12.5 10.3 27.6 18.7 43.9 25.5C83.4 438.6 135.8 448 192 448z\"\/><\/svg>\n        \n                    <svg width=\"0\" height=\"0\" class='breakdance-icon-atom-svg-gradient'>\n                <defs>\n                          <linearGradient x1=\"0.5\" y1=\"1\" x2=\"0.5\" y2=\"0\" id=\"grad-112\"><stop stop-opacity=\"1\" stop-color=\"#000000\" offset=\"0\"><\/stop><stop stop-opacity=\"1\" stop-color=\"#ff0000\" offset=\"1\"><\/stop><\/linearGradient>\n  \n                <\/defs>\n            <\/svg>\n        \n        \n            <\/div>\n    \n\n\n<\/div><h2 class=\"bde-heading-947-106 bde-heading\">\nTokenid:\n<\/h2>\n<\/div><div class=\"bde-text-947-108 bde-text\">\nToken on my.bizplay keskkonnas toimiv virtuaalne raha\u00fchik, mida saab kasutada teenuste eest maksmisel - n\u00e4iteks m\u00e4nguplatvormil m\u00e4ngude l\u00e4bi viimiseks.\n<\/div><div class=\"bde-wooproductslist-947-110 bde-wooproductslist bde-preset-97f8e4ff-aa08-479a-904d-d14954afd09a breakdance-woocommerce breakdance-free-version-frontend-element-hider\">\n<div class=\"woocommerce\"><ul class=\"products\">\n<li class=\"product type-product post-2200 status-publish first instock product_cat-kategoriseerimata has-post-thumbnail taxable shipping-taxable purchasable product-type-variable has-default-attributes\" >\n\t<a href=\"https:\/\/dev.my.bizplay.ee\/et\/toode\/mangu-tokenid\/\" class=\"woocommerce-LoopProduct-link woocommerce-loop-product__link\"><div class=\"bde-woo-product-image\"><img loading=\"lazy\" decoding=\"async\" width=\"300\" height=\"300\" src=\"https:\/\/dev.my.bizplay.ee\/wp-content\/uploads\/2023\/01\/currency-symbol-for-Bizplay-coin-300x300.jpg\" class=\"attachment-woocommerce_thumbnail size-woocommerce_thumbnail\" alt=\"\" srcset=\"https:\/\/dev.my.bizplay.ee\/wp-content\/uploads\/2023\/01\/currency-symbol-for-Bizplay-coin-300x300.jpg 300w, https:\/\/dev.my.bizplay.ee\/wp-content\/uploads\/2023\/01\/currency-symbol-for-Bizplay-coin-150x150.jpg 150w, https:\/\/dev.my.bizplay.ee\/wp-content\/uploads\/2023\/01\/currency-symbol-for-Bizplay-coin-768x768.jpg 768w, https:\/\/dev.my.bizplay.ee\/wp-content\/uploads\/2023\/01\/currency-symbol-for-Bizplay-coin-70x70.jpg 70w, https:\/\/dev.my.bizplay.ee\/wp-content\/uploads\/2023\/01\/currency-symbol-for-Bizplay-coin-246x246.jpg 246w, https:\/\/dev.my.bizplay.ee\/wp-content\/uploads\/2023\/01\/currency-symbol-for-Bizplay-coin-276x276.jpg 276w, https:\/\/dev.my.bizplay.ee\/wp-content\/uploads\/2023\/01\/currency-symbol-for-Bizplay-coin-125x125.jpg 125w, https:\/\/dev.my.bizplay.ee\/wp-content\/uploads\/2023\/01\/currency-symbol-for-Bizplay-coin-600x600.jpg 600w, https:\/\/dev.my.bizplay.ee\/wp-content\/uploads\/2023\/01\/currency-symbol-for-Bizplay-coin.jpg 1024w\" sizes=\"(max-width: 300px) 100vw, 300px\" \/><\/div><h2 class=\"woocommerce-loop-product__title\">M\u00e4ngu tokenid<\/h2>\n\t<span class=\"price\"><span class=\"woocommerce-Price-amount amount\"><bdi>10.00<span class=\"woocommerce-Price-currencySymbol\">&euro;<\/span><\/bdi><\/span> &ndash; <span class=\"woocommerce-Price-amount amount\"><bdi>160.00<span class=\"woocommerce-Price-currencySymbol\">&euro;<\/span><\/bdi><\/span><\/span>\n<\/a><div class=\"bde-woo-product-footer\"><a href=\"https:\/\/dev.my.bizplay.ee\/et\/toode\/mangu-tokenid\/\" aria-describedby=\"woocommerce_loop_add_to_cart_link_describedby_2200\" data-quantity=\"1\" class=\"button product_type_variable add_to_cart_button\" data-product_id=\"2200\" data-product_sku=\"\" aria-label=\"Vali tootele &ldquo;M\u00e4ngu tokenid&rdquo; omadused\" rel=\"nofollow\">Vali<\/a>\t<span id=\"woocommerce_loop_add_to_cart_link_describedby_2200\" class=\"screen-reader-text\">\n\t\tThis product has multiple variants. The options may be chosen on the product page\t<\/span>\n<\/div><span class=\"gtm4wp_productdata\" style=\"display:none; visibility:hidden;\" data-gtm4wp_product_data=\"{&quot;internal_id&quot;:2200,&quot;item_id&quot;:2200,&quot;item_name&quot;:&quot;M\\u00e4ngu tokenid&quot;,&quot;sku&quot;:2200,&quot;price&quot;:10,&quot;stocklevel&quot;:null,&quot;stockstatus&quot;:&quot;instock&quot;,&quot;google_business_vertical&quot;:&quot;retail&quot;,&quot;item_category&quot;:&quot;Kategoriseerimata&quot;,&quot;id&quot;:2200,&quot;item_brand&quot;:&quot;Kategoriseerimata&quot;,&quot;productlink&quot;:&quot;https:\\\/\\\/dev.my.bizplay.ee\\\/et\\\/toode\\\/mangu-tokenid\\\/&quot;,&quot;item_list_name&quot;:&quot;General Product List&quot;,&quot;index&quot;:1,&quot;product_type&quot;:&quot;variable&quot;}\"><\/span><\/li>\n<\/ul>\n<\/div>\n\n<\/div><\/div>\n<\/section><\/div>","protected":false},"excerpt":{"rendered":"","protected":false},"author":1,"featured_media":0,"parent":0,"menu_order":0,"comment_status":"closed","ping_status":"closed","template":"","meta":{"_breakdance_hide_in_design_set":false,"_breakdance_tags":"","footnotes":""},"class_list":["post-947","page","type-page","status-publish","hentry"],"acf":[],"_links":{"self":[{"href":"https:\/\/dev.my.bizplay.ee\/et\/wp-json\/wp\/v2\/pages\/947"}],"collection":[{"href":"https:\/\/dev.my.bizplay.ee\/et\/wp-json\/wp\/v2\/pages"}],"about":[{"href":"https:\/\/dev.my.bizplay.ee\/et\/wp-json\/wp\/v2\/types\/page"}],"author":[{"embeddable":true,"href":"https:\/\/dev.my.bizplay.ee\/et\/wp-json\/wp\/v2\/users\/1"}],"replies":[{"embeddable":true,"href":"https:\/\/dev.my.bizplay.ee\/et\/wp-json\/wp\/v2\/comments?post=947"}],"version-history":[{"count":5,"href":"https:\/\/dev.my.bizplay.ee\/et\/wp-json\/wp\/v2\/pages\/947\/revisions"}],"predecessor-version":[{"id":17098,"href":"https:\/\/dev.my.bizplay.ee\/et\/wp-json\/wp\/v2\/pages\/947\/revisions\/17098"}],"wp:attachment":[{"href":"https:\/\/dev.my.bizplay.ee\/et\/wp-json\/wp\/v2\/media?parent=947"}],"curies":[{"name":"wp","href":"https:\/\/api.w.org\/{rel}","templated":true}]}}