{"id":2200,"date":"2023-01-17T09:47:08","date_gmt":"2023-01-17T07:47:08","guid":{"rendered":"https:\/\/dev.my.bizplay.ee\/product\/mangu-tokenid\/"},"modified":"2024-12-09T16:11:05","modified_gmt":"2024-12-09T14:11:05","slug":"mangu-tokenid","status":"publish","type":"product","link":"https:\/\/dev.my.bizplay.ee\/et\/toode\/mangu-tokenid\/","title":{"rendered":"M\u00e4ngu tokenid"},"content":{"rendered":"<p><strong>Token on my.bizplay keskkonnas toimiv virtuaalne raha\u00fchik, mida saab kasutada teenuste eest maksmisel &#8211; n\u00e4iteks m\u00e4nguplatvormil m\u00e4ngude l\u00e4bi viimiseks.\u00a0<\/strong><\/p>\n<p>Tokenid teevad sinu elu lihtsamas sellega, et neid on v\u00f5imalik soetada ettemaksu p\u00f5him\u00f5ttel ning hoida neid oma kontol ja teenust tarbides &#8211; n\u00e4iteks m\u00e4nguplatvormile m\u00e4ngu luues &#8211; arvestatakse vastav summa tokeneid sinu kontolt automaatselt maha ilma, et sa peaksid vahepeal reaalset makset teostama.<\/p>\n<p>Nii on protsess palju kiirem ja mugavam &#8211; ei mingeid krediitkaarte, pangamakseid ega arveid, kui tuleb tahtmine m\u00e4ngu korraldada.<\/p>\n<p>Lisaks on aktiivsetel kasutajatel tokeneid v\u00f5imalik saada kingituseks.<br \/>\nSamuti saad oma tokeneid kanda m\u00f5ne teise kasutaja kontole, et ka tema saaks m\u00e4nge luua.<\/p>\n","protected":false},"excerpt":{"rendered":"<p>M\u00e4ngu tokenitega saad luua m\u00e4nge Bizplay m\u00e4ngurakenduses. Vajad tavaliselt 3-5 tokenit m\u00e4ngu kohta, aga leiad valikust ka TASUTA versioone.<\/p>\n","protected":false},"featured_media":4990,"template":"","meta":[],"product_cat":[84],"product_tag":[],"class_list":{"0":"post-2200","1":"product","2":"type-product","3":"status-publish","4":"has-post-thumbnail","6":"product_cat-kategoriseerimata","8":"first","9":"instock","10":"taxable","11":"shipping-taxable","12":"purchasable","13":"product-type-variable","14":"has-default-attributes"},"acf":[],"_links":{"self":[{"href":"https:\/\/dev.my.bizplay.ee\/et\/wp-json\/wp\/v2\/product\/2200"}],"collection":[{"href":"https:\/\/dev.my.bizplay.ee\/et\/wp-json\/wp\/v2\/product"}],"about":[{"href":"https:\/\/dev.my.bizplay.ee\/et\/wp-json\/wp\/v2\/types\/product"}],"wp:featuredmedia":[{"embeddable":true,"href":"https:\/\/dev.my.bizplay.ee\/et\/wp-json\/wp\/v2\/media\/4990"}],"wp:attachment":[{"href":"https:\/\/dev.my.bizplay.ee\/et\/wp-json\/wp\/v2\/media?parent=2200"}],"wp:term":[{"taxonomy":"product_cat","embeddable":true,"href":"https:\/\/dev.my.bizplay.ee\/et\/wp-json\/wp\/v2\/product_cat?post=2200"},{"taxonomy":"product_tag","embeddable":true,"href":"https:\/\/dev.my.bizplay.ee\/et\/wp-json\/wp\/v2\/product_tag?post=2200"}],"curies":[{"name":"wp","href":"https:\/\/api.w.org\/{rel}","templated":true}]}}